{"id":1944,"date":"2022-06-09T09:09:23","date_gmt":"2022-06-09T00:09:23","guid":{"rendered":"https:\/\/ssh-hamako.net\/share\/?page_id=1944"},"modified":"2022-09-08T10:45:26","modified_gmt":"2022-09-08T01:45:26","slug":"d2004","status":"publish","type":"page","link":"https:\/\/ssh-hamako.net\/share\/%e3%83%87%e3%82%b6%e3%82%a4%e3%83%b3\/d2004\/","title":{"rendered":"\u97f3\u306e\u7d75\u672c"},"content":{"rendered":"\n<h2 class=\"wp-block-heading\">\u2460\u7814\u7a76\u306e\u80cc\u666f<\/h2>\n\n\n\n<p>SDGs\u306b\u57fa\u3065\u304d\u3001\u81ea\u5206\u306a\u308a\u306b\u7814\u7a76\u3057\u305f\u3068\u3053\u308d\u300c\u4eba\u306e\u5fc3\u300d\u306b\u95a2\u308f\u308b\u30c7\u30b6\u30a4\u30f3\u304c\u3044\u3044\u3068\u8003\u3048\u305f\u3002\u5fc3\u3092\u8ef8\u306b\u3059\u308b\u4e0a\u3067\u3001\u4e00\u756a\u306b\u601d\u3044\u4ed8\u3044\u305f\u6848\u304c\u300c\u97f3\u306e\u7d75\u672c\u300d\u3060\u3063\u305f\u3002\u300c\u97f3\u300d\u306f\u97ff\u304f\u3053\u3068\u3067\u4eba\u306e\u5fc3\u306b\u611f\u50b7\u3057\u3001\u591a\u304f\u306e\u611f\u60c5\u3092\u6d8c\u304d\u51fa\u3055\u305b\u308b\u3002\u3053\u308c\u3092\u81ea\u5206\u306e\u30b3\u30fc\u30b9(\u30d3\u30b8\u30e5\u30a2\u30eb)\u3067\u8868\u73fe\u3067\u304d\u308c\u3070\u3068\u601d\u3063\u305f\u3002<\/p>\n\n\n\n<h2 class=\"wp-block-heading\">\u2461\u4eee\u8aac\u3068\u306d\u3089\u3044<\/h2>\n\n\n\n<p>\u300c\u97f3\u300d\u3092\u4f1d\u3048\u308b\u305f\u3081\u306b\u3001\u300c\u8eab\u8fd1\u306a\u97f3\u300d\u3092\u4e2d\u5fc3\u306b\u8003\u3048\u3088\u3046\u3068\u601d\u3063\u305f\u3002\u8eab\u306e\u56de\u308a\u306e\u97f3\u306b\u3059\u308b\u3053\u3068\u3067\u3001\u611f\u3058\u3084\u3059\u304f\u3082\u3001\u60f3\u50cf\u3057\u3084\u3059\u304f\u3082\u306a\u308b\u3068\u601d\u3063\u305f\u3002<\/p>\n\n\n\n<p><\/p>\n\n\n\n<p>\u4eca\u307e\u3067\u5b66\u3093\u3067\u304d\u305f\u77e5\u8b58\u304b\u3089\u3001<br>\u3000\u3000\u3000\u3082\u3057\u25cb\u25cb\u25cb\u3057\u305f\u3089\u3001\u00d7\u00d7\u00d7\u306b\u306a\u308b\u306e\u3067\u306f\uff1f<br>\u3000\u3000\u3000\u3000\u3000\u3000\u3000\u3000\u3000\u3060\u3063\u305f\u3089\u3001\u25b3\u25b3\u25b3\u304c\u51fa\u6765\u308b\u306f\u305a\u3002<\/p>\n\n\n\n<h2 class=\"wp-block-heading\">\u2462\u7814\u7a76\u5185\u5bb9<\/h2>\n\n\n\n<p>\u97f3\u306e\u53ef\u8996\u5316\u306b\u3088\u3063\u3066\u97f3\u306e\u6349\u3048\u65b9\u3084\u8003\u3048\u65b9\u304c\u5909\u5316\u3059\u308b\u3068\u8003\u3048\u305f\u3002<\/p>\n\n\n\n<p>\u5bfe\u8c61\u8005\u3092\u300c3\u6b73\u4ee5\u4e0a\uff5e\u300d\u3068\u300c\u8074\u899a\u969c\u5bb3\u8005\u300d\u306b\u8a2d\u5b9a\u3057\u305f\u3002<\/p>\n\n\n\n<p>\u3069\u306e\u3088\u3046\u306b\u8868\u73fe\u3059\u308c\u3070\u4ed6\u8005\u306b\u4f1d\u308f\u308b\u306b\u304b\u3001\u305d\u308c\u304c\u96e3\u984c\u3060\u3068\u8003\u3048\u305f\u3002<\/p>\n\n\n\n<p><\/p>\n\n\n\n<p>\u4eee\u8aac\u3084\u306d\u3089\u3044\u304b\u3089\u7814\u7a76\u306e\u76ee\u7684\u3084\u5185\u5bb9\u3092\u793a\u3059\u3002(What\u3092\u793a\u3059)<\/p>\n\n\n\n<h2 class=\"wp-block-heading\">\u2463\u6280\u8853\u7684\u77e5\u8b58<\/h2>\n\n\n\n<p>\u7d75\u672c\u3092\u5236\u4f5c\u3059\u308b\u4e0a\u3067\u3001\u3069\u306e\u3088\u3046\u306a\u7d75\u672c\u304c\u4eba\u6c17\u306a\u306e\u304b\u3092\u77e5\u308b\u5fc5\u8981\u304c\u3042\u308b\u3002<\/p>\n\n\n\n<p>\u7d75\u672c\u3089\u3057\u3055\u3092\u8ffd\u6c42\u3059\u308b\u305f\u3081\u306b\u3001\u753b\u7528\u7d19\u306b\u62d8\u3063\u305f\uff08\u30a2\u30af\u30ea\u30eb\u30c7\u30cd\u30d6\uff1a\u6c34\u5f69\u7d19\u3067\u3042\u308a\u306a\u304c\u3089\u30a2\u30af\u30ea\u30eb\u7d75\u306e\u5177\u3067\u3082\u8868\u73fe\u3067\u304d\u308b\uff09<\/p>\n\n\n\n<p><\/p>\n\n\n\n<p>\u7814\u7a76\u306e\u3082\u3068\u3068\u306a\u308b\u4eca\u307e\u3067\u5b66\u3093\u3067\u304d\u305f\u77e5\u8b58\u3092\u793a\u3059\u3002<\/p>\n\n\n\n<h2 class=\"wp-block-heading\">\u2464\u3053\u308c\u304b\u3089\u306e\u53d6\u7d44<\/h2>\n\n\n\n<p>\u539f\u753b\u306e\u5b8c\u6210\u2192\u6a5f\u68b0\u3067\u8aad\u307f\u53d6\u308a\u2192\u97f3\u30fb\u6587\u5b57\u3092\u53d6\u308a\u8fbc\u3080\u2192\u5370\u5237\u2192\u30db\u30ef\u30a4\u30c8\u30d6\u30c3\u30af\u306b\u8cbc\u308a\u4ed8\u3051<\/p>\n\n\n\n<p><\/p>\n\n\n\n<p>\u5177\u4f53\u7684\u306b\u5b9f\u65bd\u3059\u308b\u53d6\u7d44\u3092\u793a\u3059\u3002\uff08What\u306b\u5bfe\u3057\u3066\u3001\u3053\u3053\u3067\u306fHow\u3092\u793a\u3059\uff09<\/p>\n\n\n\n<h2 class=\"wp-block-heading\">\u2465\u307e\u3068\u3081<\/h2>\n\n\n\n<p>\u97f3\u3092\u7d75\u3067\u8868\u73fe\u3059\u308b\u3053\u3068\u3067\u3001\u300c3\u6b73\u4ee5\u4e0a\uff5e\u300d\u306f\u76ee\u306b\u306f\u898b\u3048\u306a\u3044\u97f3\u3092\u6349\u3048\u308b\u3053\u3068\u3067\u3001\u60f3\u50cf\u529b\u306e\u62e1\u5f35\u3001\u300c\u8074\u899a\u969c\u5bb3\u8005\u300d\u306f\u8074\u3053\u3048\u308b\u3053\u3068\u306e\u3067\u304d\u306a\u3044\u97f3\u3092\u7d75\u3092\u901a\u3057\u3066\u77e5\u899a\u3059\u308b\u3053\u3068\u304c\u3067\u304d\u308b\u3068\u8003\u3048\u305f\u3002<\/p>\n\n\n\n<p><\/p>\n\n\n\n<h2 class=\"wp-block-heading\">\u53d6\u7d44\u306e\u7d50\u679c\u307e\u305f\u306f\u4e88\u60f3\u3055\u308c\u308b\u7d50\u679c\u3092\u793a\u3057\u3066\u3001\u305d\u306e\u4fa1\u5024\u3092\u4f1d\u3048\u308b\u3002<\/h2>\n","protected":false},"excerpt":{"rendered":"<p>\u2460\u7814\u7a76\u306e\u80cc\u666f SDGs\u306b\u57fa\u3065\u304d\u3001\u81ea\u5206\u306a\u308a\u306b\u7814\u7a76\u3057\u305f\u3068\u3053\u308d\u300c\u4eba\u306e\u5fc3\u300d\u306b\u95a2\u308f\u308b\u30c7\u30b6\u30a4<\/p>\n","protected":false},"author":2,"featured_media":0,"parent":14,"menu_order":40,"comment_status":"closed","ping_status":"closed","template":"","meta":{"footnotes":""},"class_list":["post-1944","page","type-page","status-publish","hentry"],"_links":{"self":[{"href":"https:\/\/ssh-hamako.net\/share\/wp-json\/wp\/v2\/pages\/1944","targetHints":{"allow":["GET"]}}],"collection":[{"href":"https:\/\/ssh-hamako.net\/share\/wp-json\/wp\/v2\/pages"}],"about":[{"href":"https:\/\/ssh-hamako.net\/share\/wp-json\/wp\/v2\/types\/page"}],"author":[{"embeddable":true,"href":"https:\/\/ssh-hamako.net\/share\/wp-json\/wp\/v2\/users\/2"}],"replies":[{"embeddable":true,"href":"https:\/\/ssh-hamako.net\/share\/wp-json\/wp\/v2\/comments?post=1944"}],"version-history":[{"count":0,"href":"https:\/\/ssh-hamako.net\/share\/wp-json\/wp\/v2\/pages\/1944\/revisions"}],"up":[{"embeddable":true,"href":"https:\/\/ssh-hamako.net\/share\/wp-json\/wp\/v2\/pages\/14"}],"wp:attachment":[{"href":"https:\/\/ssh-hamako.net\/share\/wp-json\/wp\/v2\/media?parent=1944"}],"curies":[{"name":"wp","href":"https:\/\/api.w.org\/{rel}","templated":true}]}}