{"id":2004,"date":"2022-06-09T09:21:02","date_gmt":"2022-06-09T00:21:02","guid":{"rendered":"https:\/\/ssh-hamako.net\/share\/?page_id=2004"},"modified":"2022-06-09T09:49:44","modified_gmt":"2022-06-09T00:49:44","slug":"d2035","status":"publish","type":"page","link":"https:\/\/ssh-hamako.net\/share\/%e3%83%87%e3%82%b6%e3%82%a4%e3%83%b3\/d2035\/","title":{"rendered":"d2035"},"content":{"rendered":"\n<h2 class=\"wp-block-heading\">\u2460\u7814\u7a76\u306e\u80cc\u666f<\/h2>\n\n\n\n<p>SDGs\u306a\u3069\u306e\u793e\u4f1a\u7684\u306a\u554f\u984c\u3084\u52d5\u6a5f\u3092\u793a\u3059\u3002<\/p>\n\n\n\n<h2 class=\"wp-block-heading\">\u2461\u4eee\u8aac\u3068\u306d\u3089\u3044<\/h2>\n\n\n\n<p>\u4eca\u307e\u3067\u5b66\u3093\u3067\u304d\u305f\u77e5\u8b58\u304b\u3089\u3001<br>\u3000\u3000\u3000\u3082\u3057\u25cb\u25cb\u25cb\u3057\u305f\u3089\u3001\u00d7\u00d7\u00d7\u306b\u306a\u308b\u306e\u3067\u306f\uff1f<br>\u3000\u3000\u3000\u3000\u3000\u3000\u3000\u3000\u3000\u3060\u3063\u305f\u3089\u3001\u25b3\u25b3\u25b3\u304c\u51fa\u6765\u308b\u306f\u305a\u3002<\/p>\n\n\n\n<h2 class=\"wp-block-heading\">\u2462\u7814\u7a76\u5185\u5bb9<\/h2>\n\n\n\n<p>\u4eee\u8aac\u3084\u306d\u3089\u3044\u304b\u3089\u7814\u7a76\u306e\u76ee\u7684\u3084\u5185\u5bb9\u3092\u793a\u3059\u3002(What\u3092\u793a\u3059)<\/p>\n\n\n\n<h2 class=\"wp-block-heading\">\u2463\u6280\u8853\u7684\u77e5\u8b58<\/h2>\n\n\n\n<p>\u7814\u7a76\u306e\u3082\u3068\u3068\u306a\u308b\u4eca\u307e\u3067\u5b66\u3093\u3067\u304d\u305f\u77e5\u8b58\u3092\u793a\u3059\u3002<\/p>\n\n\n\n<h2 class=\"wp-block-heading\">\u2464\u3053\u308c\u304b\u3089\u306e\u53d6\u7d44<\/h2>\n\n\n\n<p>\u5177\u4f53\u7684\u306b\u5b9f\u65bd\u3059\u308b\u53d6\u7d44\u3092\u793a\u3059\u3002\uff08What\u306b\u5bfe\u3057\u3066\u3001\u3053\u3053\u3067\u306fHow\u3092\u793a\u3059\uff09<\/p>\n\n\n\n<h2 class=\"wp-block-heading\">\u2465\u307e\u3068\u3081<\/h2>\n\n\n\n<p>\u53d6\u7d44\u306e\u7d50\u679c\u307e\u305f\u306f\u4e88\u60f3\u3055\u308c\u308b\u7d50\u679c\u3092\u793a\u3057\u3066\u3001\u305d\u306e\u4fa1\u5024\u3092\u4f1d\u3048\u308b\u3002<\/p>\n","protected":false},"excerpt":{"rendered":"<p>\u2460\u7814\u7a76\u306e\u80cc\u666f SDGs\u306a\u3069\u306e\u793e\u4f1a\u7684\u306a\u554f\u984c\u3084\u52d5\u6a5f\u3092\u793a\u3059\u3002 \u2461\u4eee\u8aac\u3068\u306d\u3089\u3044 \u4eca\u307e\u3067\u5b66<\/p>\n","protected":false},"author":2,"featured_media":0,"parent":14,"menu_order":350,"comment_status":"closed","ping_status":"closed","template":"","meta":{"footnotes":""},"class_list":["post-2004","page","type-page","status-publish","hentry"],"_links":{"self":[{"href":"https:\/\/ssh-hamako.net\/share\/wp-json\/wp\/v2\/pages\/2004","targetHints":{"allow":["GET"]}}],"collection":[{"href":"https:\/\/ssh-hamako.net\/share\/wp-json\/wp\/v2\/pages"}],"about":[{"href":"https:\/\/ssh-hamako.net\/share\/wp-json\/wp\/v2\/types\/page"}],"author":[{"embeddable":true,"href":"https:\/\/ssh-hamako.net\/share\/wp-json\/wp\/v2\/users\/2"}],"replies":[{"embeddable":true,"href":"https:\/\/ssh-hamako.net\/share\/wp-json\/wp\/v2\/comments?post=2004"}],"version-history":[{"count":0,"href":"https:\/\/ssh-hamako.net\/share\/wp-json\/wp\/v2\/pages\/2004\/revisions"}],"up":[{"embeddable":true,"href":"https:\/\/ssh-hamako.net\/share\/wp-json\/wp\/v2\/pages\/14"}],"wp:attachment":[{"href":"https:\/\/ssh-hamako.net\/share\/wp-json\/wp\/v2\/media?parent=2004"}],"curies":[{"name":"wp","href":"https:\/\/api.w.org\/{rel}","templated":true}]}}