{"id":411,"date":"2022-05-23T11:49:33","date_gmt":"2022-05-23T02:49:33","guid":{"rendered":"https:\/\/ssh-hamako.net\/share\/?page_id=411"},"modified":"2022-07-19T14:52:02","modified_gmt":"2022-07-19T05:52:02","slug":"ei2019","status":"publish","type":"page","link":"https:\/\/ssh-hamako.net\/share\/%e6%83%85%e5%a0%b1%e6%8a%80%e8%a1%93\/ei2019\/","title":{"rendered":"19.\u30bd\u30d5\u30c8.\u9678\u4e0a\u30ce\u30fc\u30c8\u306e\u30c7\u30b8\u30bf\u30eb\u5316"},"content":{"rendered":"\n<h2 class=\"wp-block-heading\">\u2460\u7814\u7a76\u306e\u80cc\u666f<\/h2>\n\n\n\n<p><mark style=\"background-color:rgba(0, 0, 0, 0);color:#8b9196\" class=\"has-inline-color\">SDGs\u306a\u3069\u306e\u793e\u4f1a\u7684\u306a\u554f\u984c\u3084\u52d5\u6a5f\u3092\u793a\u3059\u3002<\/mark><\/p>\n\n\n\n<p>\u9678\u4e0a\u90e8\u306e\u9577\u8ddd\u96e2\u7537\u5b50\u306e\u4e2d\u3067\u5b9f\u65bd\u3057\u3066\u3044\u308b\u300c\u9678\u4e0a\u30ce\u30fc\u30c8\u300d\u3092\u7d19\u304b\u3089\u30c7\u30b8\u30bf\u30eb\u5316\u3057\u3001\u8d70\u3063\u305f\u8ddd\u96e2\u3084\u7761\u7720\u6642\u9593,\u305d\u306e\u65e5\u306e\u8abf\u5b50\u306a\u3069\u3092\u5165\u529b\u3059\u308b\u3053\u3068\u3067\u7ba1\u7406\u3057\u3001\u81ea\u5df1\u5206\u6790\u306b\u6d3b\u304b\u305b\u308b\u3088\u3046\u306b\u3059\u308b\u3002<\/p>\n\n\n\n<h2 class=\"wp-block-heading\">\u2461\u4eee\u8aac\u3068\u306d\u3089\u3044<\/h2>\n\n\n\n<p><mark style=\"background-color:rgba(0, 0, 0, 0);color:#8b9196\" class=\"has-inline-color\">\u4eca\u307e\u3067\u5b66\u3093\u3067\u304d\u305f\u77e5\u8b58\u304b\u3089\u3001<br>\u3000\u3000\u3000\u3082\u3057\u25cb\u25cb\u25cb\u3057\u305f\u3089\u3001\u00d7\u00d7\u00d7\u306b\u306a\u308b\u306e\u3067\u306f\uff1f<br>\u3000\u3000\u3000\u3000\u3000\u3000\u3000\u3000\u3000\u3060\u3063\u305f\u3089\u3001\u25b3\u25b3\u25b3\u304c\u51fa\u6765\u308b\u306f\u305a\u3002<\/mark><\/p>\n\n\n\n<p>html\u3084php\u306a\u3069\u3092\u4f7f\u3063\u3066\u30db\u30fc\u30e0\u30da\u30fc\u30b8\u3092\u4f5c\u6210\u3057\u3001\u305d\u3053\u306b\u5165\u529b\u3057\u305f\u5024\u3092\u30c7\u30fc\u30bf\u30d9\u30fc\u30b9\u306b\u8caf\u3081\u3066\u304a\u304f\u3002<br>\u5024\u3092\u8caf\u3081\u3066\u7f6e\u3044\u305f\u30c7\u30fc\u30bf\u30d9\u30fc\u30b9\u304b\u3089\u60c5\u5831\u3092\u53d6\u308a\u51fa\u3059\u3053\u3068\u3067\u3001\u305d\u306e\u6708\u306e\u8d70\u884c\u8ddd\u96e2\u3092\u51fa\u529b\u3057\u305f\u308a\u3001\u8ddd\u96e2\u3068\u7761\u7720\u6642\u9593\u306b\u5bfe\u3059\u308b\u95a2\u4fc2\u3092\u30b0\u30e9\u30d5\u306b\u8d77\u3053\u3057\u305f\u308a\u3059\u308b\u3053\u3068\u304c\u3067\u304d\u3001\u7df4\u7fd2\u3059\u308b\u306b\u3042\u305f\u3063\u3066\u5fc5\u8981\u306a\u81ea\u5df1\u5206\u6790\u306b\u3064\u306a\u304c\u308b\u3002<\/p>\n\n\n\n<h2 class=\"wp-block-heading\">\u2462\u7814\u7a76\u5185\u5bb9<\/h2>\n\n\n\n<p><mark style=\"background-color:rgba(0, 0, 0, 0);color:#8b9196\" class=\"has-inline-color\">\u4eee\u8aac\u3084\u306d\u3089\u3044\u304b\u3089\u7814\u7a76\u306e\u76ee\u7684\u3084\u5185\u5bb9\u3092\u793a\u3059\u3002<\/mark><\/p>\n\n\n\n<p>\u30db\u30fc\u30e0\u30da\u30fc\u30b8\u3084\u30c7\u30fc\u30bf\u30d9\u30fc\u30b9\u3092\u7528\u3044\u3066\u4f5c\u696d\u306e\u81ea\u52d5\u5316\u3001\u7ba1\u7406\u306e\u5bb9\u6613\u5316\u3092\u76ee\u7684\u306b<\/p>\n\n\n\n<p>\u30001.\u3000\u30db\u30fc\u30e0\u30da\u30fc\u30b8\u4e0a\u3067\u5165\u529b\u30d5\u30a9\u30fc\u30e0\u3092\u4f5c\u6210<\/p>\n\n\n\n<p>\u30002.\u3000\u30c7\u30fc\u30bf\u30d9\u30fc\u30b9\u3092\u8a2d\u8a08<\/p>\n\n\n\n<p>\u30003.\u3000\u8868\u793a\u30da\u30fc\u30b8\u3092\u4f5c\u6210<\/p>\n\n\n\n<p>\u30004.\u3000\u65b0\u3057\u3044\u6a5f\u80fd\u3092\u8ffd\u52a0<\/p>\n\n\n\n<h2 class=\"wp-block-heading\">\u2463\u6280\u8853\u7684\u77e5\u8b58<\/h2>\n\n\n\n<p><mark style=\"background-color:rgba(0, 0, 0, 0);color:#8b9196\" class=\"has-inline-color\">\u7814\u7a76\u306e\u3082\u3068\u3068\u306a\u308b\u4eca\u307e\u3067\u5b66\u3093\u3067\u304d\u305f\u77e5\u8b58\u3092\u793a\u3059<\/mark><\/p>\n\n\n\n<p>\u3007\u30d7\u30ed\u30b0\u30e9\u30e0\u5b9f\u88c5<\/p>\n\n\n\n<p>\u3000\u25cfHTML<\/p>\n\n\n\n<p>\u3000\u3000\u2026 WEB\u30da\u30fc\u30b8\u3092\u4f5c\u6210\u3059\u308b\u305f\u3081\u306e\u8a00\u8a9e\u3002<\/p>\n\n\n\n<p>\u3000\u3000\u3000\u898b\u51fa\u3057\u3084\u6bb5\u843d\u30fb\u8868\u30fb\u30ea\u30f3\u30af\u306a\u3069\u3001\u6587\u7ae0\u3092\u69cb\u6210\u3057\u3066\u3044\u308b\u8981\u7d20\u304c<\/p>\n\n\n\n<p>\u3000\u3000\u3000\u3069\u306e\u3088\u3046\u306a\u5f79\u5272\u3092\u3082\u3063\u3066\u3044\u308b\u304b\u3092\u6307\u793a\u3002<\/p>\n\n\n\n<p>\u3000\u25cfPHP<\/p>\n\n\n\n<p>\u3000\u3000&#8230; \u30a4\u30f3\u30bf\u30e9\u30af\u30c6\u30a3\u30d6\u306a\u30db\u30fc\u30e0\u30da\u30fc\u30b8\u3092\u4f5c\u6210\u3059\u308b\u8a00\u8a9e\u3002<\/p>\n\n\n\n<p>\u3000\u3000\u3000\u305f\u3068\u3048\u3070\u3001\u95b2\u89a7\u8005\u306e\u5c5e\u6027\u3084\u6642\u9593\u5e2f\u306a\u3069\u306b\u3088\u3063\u3066<\/p>\n\n\n\n<p>\u3000\u3000\u3000\u8868\u793a\u3055\u308c\u308b\u5185\u5bb9\u304c\u5909\u308f\u308b\u3088\u3046\u306a\u30db\u30fc\u30e0\u30da\u30fc\u30b8\u3092\u4f5c\u308b\u3002<\/p>\n\n\n\n<p>\u3000\u3000\u3000\u30c7\u30fc\u30bf\u30d9\u30fc\u30b9\u3092\u6271\u3046\u3053\u3068\u3082\u3067\u304d\u308b\u3002<\/p>\n\n\n\n<p>\u3000\u25cfJavaScript<\/p>\n\n\n\n<p>\u3000\u3000&#8230; WEB\u30da\u30fc\u30b8\u4e0a\u3067\u8907\u96d1\u306a\u6a5f\u80fd\u3092\u4f5c\u6210\u3059\u308b\u8a00\u8a9e\u3002<\/p>\n\n\n\n<h2 class=\"wp-block-heading\">\u2464\u3053\u308c\u304b\u3089\u306e\u53d6\u308a\u7d44\u307f<\/h2>\n\n\n\n<p><mark style=\"background-color:rgba(0, 0, 0, 0);color:#8b9196\" class=\"has-inline-color\">\u5177\u4f53\u7684\u306b\u5b9f\u65bd\u3059\u308b\u53d6\u308a\u7d44\u307f\u3092\u793a\u3059\u3002<\/mark><\/p>\n\n\n\n<p>\u3053\u308c\u307e\u3067\u3084\u3063\u3066\u304d\u305f\u3053\u3068<\/p>\n\n\n\n<p>\u3000\u5165\u529b\u30d5\u30a9\u30fc\u30e0\u306e\u4f5c\u6210<\/p>\n\n\n\n<p>\u3053\u308c\u304b\u3089<\/p>\n\n\n\n<p>\u3000\u30c7\u30fc\u30bf\u30d9\u30fc\u30b9\u3092\u8a2d\u8a08<\/p>\n\n\n\n<p>\u3000\u7d10\u3065\u3051<\/p>\n\n\n\n<p>\u3000\u8868\u793a\u30da\u30fc\u30b8\u4f5c\u6210<\/p>\n\n\n\n<h2 class=\"wp-block-heading\">\u2465\u307e\u3068\u3081<\/h2>\n\n\n\n<p><mark style=\"background-color:rgba(0, 0, 0, 0);color:#8b9196\" class=\"has-inline-color\">\u53d6\u7d44\u306e\u7d50\u679c\u307e\u305f\u306f\u4e88\u60f3\u3055\u308c\u308b\u7d50\u679c\u3092\u793a\u3057\u3066\u3001\u305d\u306e\u4fa1\u5024\u3092\u4f1d\u3048\u308b\u3002<\/mark><\/p>\n\n\n\n<p>\u9678\u4e0a\u30ce\u30fc\u30c8\u3092\u30c7\u30b8\u30bf\u30eb\u5316\u3059\u308b\u3053\u3068\u3067\u3001<\/p>\n\n\n\n<p>\u3067\u304d\u308b\u9650\u308a\u306e\u3053\u3068\u3092\u81ea\u52d5\u5316\u3057\u3066\u52b9\u7387\u7684\u306b\u3057\u3001<\/p>\n\n\n\n<p>\u30ce\u30fc\u30c8\u306e\u7ba1\u7406\u3092\u5bb9\u6613\u306b\u3059\u308b\u3053\u3068\u304c\u3067\u304d\u308b\u3002<\/p>\n","protected":false},"excerpt":{"rendered":"<p>\u2460\u7814\u7a76\u306e\u80cc\u666f SDGs\u306a\u3069\u306e\u793e\u4f1a\u7684\u306a\u554f\u984c\u3084\u52d5\u6a5f\u3092\u793a\u3059\u3002 \u9678\u4e0a\u90e8\u306e\u9577\u8ddd\u96e2\u7537\u5b50\u306e\u4e2d\u3067<\/p>\n","protected":false},"author":1,"featured_media":0,"parent":24,"menu_order":190,"comment_status":"closed","ping_status":"closed","template":"","meta":{"footnotes":""},"class_list":["post-411","page","type-page","status-publish","hentry"],"_links":{"self":[{"href":"https:\/\/ssh-hamako.net\/share\/wp-json\/wp\/v2\/pages\/411","targetHints":{"allow":["GET"]}}],"collection":[{"href":"https:\/\/ssh-hamako.net\/share\/wp-json\/wp\/v2\/pages"}],"about":[{"href":"https:\/\/ssh-hamako.net\/share\/wp-json\/wp\/v2\/types\/page"}],"author":[{"embeddable":true,"href":"https:\/\/ssh-hamako.net\/share\/wp-json\/wp\/v2\/users\/1"}],"replies":[{"embeddable":true,"href":"https:\/\/ssh-hamako.net\/share\/wp-json\/wp\/v2\/comments?post=411"}],"version-history":[{"count":0,"href":"https:\/\/ssh-hamako.net\/share\/wp-json\/wp\/v2\/pages\/411\/revisions"}],"up":[{"embeddable":true,"href":"https:\/\/ssh-hamako.net\/share\/wp-json\/wp\/v2\/pages\/24"}],"wp:attachment":[{"href":"https:\/\/ssh-hamako.net\/share\/wp-json\/wp\/v2\/media?parent=411"}],"curies":[{"name":"wp","href":"https:\/\/api.w.org\/{rel}","templated":true}]}}