{"id":446,"date":"2022-05-23T12:08:39","date_gmt":"2022-05-23T03:08:39","guid":{"rendered":"https:\/\/ssh-hamako.net\/share\/?page_id=446"},"modified":"2022-07-14T12:14:33","modified_gmt":"2022-07-14T03:14:33","slug":"ei2036-2","status":"publish","type":"page","link":"https:\/\/ssh-hamako.net\/share\/%e6%83%85%e5%a0%b1%e6%8a%80%e8%a1%93\/ei2036-2\/","title":{"rendered":"36.\u30bd\u30d5\u30c8.NFC\u3092\u5229\u7528\u3057\u305f\u51fa\u5e2d\u7ba1\u7406"},"content":{"rendered":"\n<h2 class=\"wp-block-heading\">\u2460\u7814\u7a76\u306e\u80cc\u666f<\/h2>\n\n\n\n<p>\u79c1\u306e\u90e8\u6d3b\u3067\u306f\u3044\u3064\u3082\u8ab0\u304b\u304c\u624b\u66f8\u304d\u306e\u51fa\u5e2d\u7c3f\u3067\u51fa\u5e2d\u3092\u7ba1\u7406\u3057\u3066\u3044\u3066\u3001\u5927\u5909\u305d\u3046\u3060\u3068\u601d\u3063\u305f\u3002<\/p>\n\n\n\n<p>\u96fb\u5b50\u5316\u3067\u304d\u308c\u3070\u697d\u306b\u306a\u308a\u305d\u3046\u3068\u601d\u3063\u305f\u3002<\/p>\n\n\n\n<p>\u3064\u3044\u3067\u306b\u51fa\u5e2d\u7ba1\u7406\u3092\u3082\u3063\u3068\u7c21\u5358\u306b\u3057\u305f\u3044\u3068\u601d\u3063\u305f\u3002<\/p>\n\n\n\n<h2 class=\"wp-block-heading\">\u2461\u4eee\u8aac\u3068\u306d\u3089\u3044<\/h2>\n\n\n\n<p>\u4eca\u307e\u3067\u5b66\u3093\u3067\u304d\u305f\u77e5\u8b58\u304b\u3089\u3001<br>\u3000\u3000\u3000\u3082\u3057\u25cb\u25cb\u25cb\u3057\u305f\u3089\u3001\u00d7\u00d7\u00d7\u306b\u306a\u308b\u306e\u3067\u306f\uff1f<br>\u3000\u3000\u3000\u3000\u3000\u3000\u3000\u3000\u3000\u3060\u3063\u305f\u3089\u3001\u25b3\u25b3\u25b3\u304c\u51fa\u6765\u308b\u306f\u305a\u3002<\/p>\n\n\n\n<p>\u30c7\u30fc\u30bf\u30d9\u30fc\u30b9\u3092\u4f7f\u3048\u3070\u51fa\u6b20\u5e2d\u306e\u60c5\u5831\u3092\u7ba1\u7406\u3001\u4fdd\u7ba1\u3057\u3066\u304a\u3051\u308b\u3068\u601d\u3046\u3002<\/p>\n\n\n\n<p>NFC\u3067\u8aad\u307f\u53d6\u308c\u308b\u30b9\u30de\u30db\u306e\u8b58\u5225\u756a\u53f7\u3068\u4eba\u3092\u7d50\u3073\u4ed8\u3051\u308c\u3070\u30b9\u30de\u30db\u306e\u30ef\u30f3\u30bf\u30c3\u30c1\u3067\u5404\u81ea\u306e\u51fa\u6b20\u5e2d\u3092\u7ba1\u7406\u3067\u304d\u308b\u3068\u601d\u3046\u3002<\/p>\n\n\n\n<h2 class=\"wp-block-heading\">\u2462\u7814\u7a76\u5185\u5bb9<\/h2>\n\n\n\n<p>\u4eee\u8aac\u3084\u306d\u3089\u3044\u304b\u3089\u7814\u7a76\u306e\u76ee\u7684\u3084\u5185\u5bb9\u3092\u793a\u3059\u3002(What\u3092\u793a\u3059)<\/p>\n\n\n\n<p>\u30c7\u30fc\u30bf\u30d9\u30fc\u30b9\u3092\u4f7f\u3063\u3066\u5404\u60c5\u5831\u3092\u7ba1\u7406\u3001\u4fdd\u7ba1\u3067\u304d\u308b\u3088\u3046\u306b\u3059\u308b\u3002<\/p>\n\n\n\n<p>\u30c7\u30fc\u30bf\u30d9\u30fc\u30b9\u306e\u60c5\u5831\u3092\u30b5\u30a4\u30c8\u304b\u3089\u95b2\u89a7\u3067\u304d\u308b\u3088\u3046\u306b\u3059\u308b\u3002<\/p>\n\n\n\n<p>\u30b9\u30de\u30db\u306eNFC\u3092\u4f7f\u3063\u3066\u7c21\u5358\u306b\u5404\u81ea\u306e\u51fa\u6b20\u5e2d\u306e\u60c5\u5831\u3092\u30c7\u30fc\u30bf\u30d9\u30fc\u30b9\u306b\u9001\u308c\u308b\u3088\u3046\u306b\u3059\u308b\u3002<\/p>\n\n\n\n<h2 class=\"wp-block-heading\">\u2463\u6280\u8853\u7684\u77e5\u8b58<\/h2>\n\n\n\n<p>\u7814\u7a76\u306e\u3082\u3068\u3068\u306a\u308b\u4eca\u307e\u3067\u5b66\u3093\u3067\u304d\u305f\u77e5\u8b58\u3092\u793a\u3059\u3002<\/p>\n\n\n\n<p><strong>\u4f7f\u7528\u3059\u308b\u30c7\u30fc\u30bf\u30d9\u30fc\u30b9<\/strong>\uff1aPHPMyAdmin<\/p>\n\n\n\n<p>\u30d6\u30e9\u30a6\u30b6\u4e0a\u3067\u30c7\u30fc\u30bf\u30d9\u30fc\u30b9\u63a5\u7d9a\u304c\u53ef\u80fd\u3001\u642d\u8f09\u3057\u3066\u3044\u308bMySQL(\u30aa\u30fc\u30d7\u30f3\u30bd\u30fc\u30b9\u306e\u30c7\u30fc\u30bf\u30d9\u30fc\u30b9\u7ba1\u7406\u30b7\u30b9\u30c6\u30e0)\u306a\u3069\u306e\u7ba1\u7406\u3082\u884c\u3048\u308b\u3002<\/p>\n\n\n\n<p><strong>\u4f7f\u7528\u3059\u308bNFC\u30ea\u30fc\u30c0\u30fc<\/strong>\uff1aPaSoRi<\/p>\n\n\n\n<p>\u5916\u4ed8\u3051\u30bf\u30a4\u30d7\u306e\u975e\u63a5\u89e6\u578bIC\u30ab\u30fc\u30c9\u30ea\u30fc\u30c0\u30fc\/\u30e9\u30a4\u30bf\u30fc<\/p>\n\n\n\n<p><strong>\u4f7f\u7528\u3059\u308b\u8a00\u8a9e<\/strong>\uff1apython,php<\/p>\n\n\n\n<p><strong>\u4f7f\u7528\u3059\u308b\u30e9\u30a4\u30d6\u30e9\u30ea<\/strong>\uff1aNFCpy<\/p>\n\n\n\n<p>Python\u304b\u3089NFC\u3092\u5229\u7528\u3059\u308b\u305f\u3081\u306e\u30e9\u30a4\u30d6\u30e9\u30ea\u3002<\/p>\n\n\n\n<h2 class=\"wp-block-heading\">\u2464\u3053\u308c\u304b\u3089\u306e\u53d6\u7d44<\/h2>\n\n\n\n<p>\u5177\u4f53\u7684\u306b\u5b9f\u65bd\u3059\u308b\u53d6\u7d44\u3092\u793a\u3059\u3002\uff08What\u306b\u5bfe\u3057\u3066\u3001\u3053\u3053\u3067\u306fHow\u3092\u793a\u3059\uff09<\/p>\n\n\n\n<h2 class=\"wp-block-heading\">\u2465\u307e\u3068\u3081<\/h2>\n\n\n\n<p>\u53d6\u7d44\u306e\u7d50\u679c\u307e\u305f\u306f\u4e88\u60f3\u3055\u308c\u308b\u7d50\u679c\u3092\u793a\u3057\u3066\u3001\u305d\u306e\u4fa1\u5024\u3092\u4f1d\u3048\u308b\u3002<\/p>\n","protected":false},"excerpt":{"rendered":"<p>\u2460\u7814\u7a76\u306e\u80cc\u666f \u79c1\u306e\u90e8\u6d3b\u3067\u306f\u3044\u3064\u3082\u8ab0\u304b\u304c\u624b\u66f8\u304d\u306e\u51fa\u5e2d\u7c3f\u3067\u51fa\u5e2d\u3092\u7ba1\u7406\u3057\u3066\u3044\u3066\u3001\u5927\u5909\u305d<\/p>\n","protected":false},"author":1,"featured_media":0,"parent":24,"menu_order":370,"comment_status":"closed","ping_status":"closed","template":"","meta":{"footnotes":""},"class_list":["post-446","page","type-page","status-publish","hentry"],"_links":{"self":[{"href":"https:\/\/ssh-hamako.net\/share\/wp-json\/wp\/v2\/pages\/446","targetHints":{"allow":["GET"]}}],"collection":[{"href":"https:\/\/ssh-hamako.net\/share\/wp-json\/wp\/v2\/pages"}],"about":[{"href":"https:\/\/ssh-hamako.net\/share\/wp-json\/wp\/v2\/types\/page"}],"author":[{"embeddable":true,"href":"https:\/\/ssh-hamako.net\/share\/wp-json\/wp\/v2\/users\/1"}],"replies":[{"embeddable":true,"href":"https:\/\/ssh-hamako.net\/share\/wp-json\/wp\/v2\/comments?post=446"}],"version-history":[{"count":0,"href":"https:\/\/ssh-hamako.net\/share\/wp-json\/wp\/v2\/pages\/446\/revisions"}],"up":[{"embeddable":true,"href":"https:\/\/ssh-hamako.net\/share\/wp-json\/wp\/v2\/pages\/24"}],"wp:attachment":[{"href":"https:\/\/ssh-hamako.net\/share\/wp-json\/wp\/v2\/media?parent=446"}],"curies":[{"name":"wp","href":"https:\/\/api.w.org\/{rel}","templated":true}]}}